{"id":11995,"date":"2021-12-10T18:26:58","date_gmt":"2021-12-10T15:26:58","guid":{"rendered":"https:\/\/fitnessfamily.eu\/?page_id=11995"},"modified":"2022-01-18T14:08:53","modified_gmt":"2022-01-18T11:08:53","slug":"tingimused","status":"publish","type":"page","link":"https:\/\/fitnessfamily.eu\/et\/tingimused\/","title":{"rendered":"M\u00dc\u00dcGITINGIMUSED"},"content":{"rendered":"<p class=\"p1\"><b>M\u00dc\u00dcGITINGIMUSED<\/b><\/p>\n<p class=\"p2\">Veebipoe Fitness Family<span class=\"Apple-converted-space\">\u00a0 <\/span>(edaspidi Veebipood) omanik on Fitness Family O\u00dc (Reg.kood: 14277343<span class=\"s1\">, <\/span>V\u00f5ru tn 16-73, 13612 Tallinn, Harjumaa)<\/p>\n<p class=\"p1\"><b>M\u00fc\u00fcgilepingu kehtivus, kauba- ja hinnainfo<\/b><\/p>\n<p class=\"p2\">M\u00fc\u00fcgitingimused kehtivad\u00a0Veebipoest kaupade ostmisel.<\/p>\n<p class=\"p2\">Veebipoes m\u00fc\u00fcdavate toodete hinnad on m\u00e4rgitud toodete juurde. Hinnale lisandub tasu kauba k\u00e4ttetoimetamise eest. K\u00f5ik veebipoes m\u00fc\u00fcdavate kaupade hinnad on eurodes.<\/p>\n<p class=\"p2\">Teave kauba kohta on esitatud Veebipoes vahetult kauba juures.<\/p>\n<p class=\"p1\"><b>Tellimuse vormistamine<\/b><\/p>\n<p class=\"p2\">Kauba tellimiseks tuleb lisada soovitud tooted ostukorvi,\u00a0klikkides nupul \u201cLisa ostukorvi\u201d. Tellimuse vormistamiseks tuleb t\u00e4ita n\u00f5utud andmev\u00e4ljad ning valida sobiv toodete kohaletoimetamise viis. Seej\u00e4rel kuvatakse ekraanile tasu suurus, mille saab tasuda turvaliselt l\u00e4bi j\u00e4rgnevate makseviiside:<\/p>\n<ul class=\"ul1\">\n<li class=\"li3\"><span class=\"s2\">Eesti pangalingid: Swedbank, SEB, Luminor, LHV, Coop Pank<\/span><\/li>\n<\/ul>\n<p class=\"p2\">NB! Pangalingiga tasumisel vajutada kindlasti panga lehel nupule \u201eTagasi kaupmehe juurde\u201c.<\/p>\n<p class=\"p2\">Makseid vahendab <a href=\"https:\/\/www.seb.ee\" target=\"_blank\" rel=\"noopener\"><strong>SEB E-\u00e4ri<\/strong><\/a>. Tasumine toimub v\u00e4ljaspool Veebipoodi turvalises keskkonnas \u2013 pangalingiga tasumisel vastava panga turvalises keskkonnas. M\u00fc\u00fcjal puudub ligip\u00e4\u00e4s kliendi panga. Leping j\u00f5ustub alates tasumisele kuuluva summa laekumisest Veebipoe arvelduskontole.<\/p>\n<p class=\"p2\">Veebipoe omanik on isikuandmete vastutav t\u00f6\u00f6tleja ning edastab maksete teostamiseks vajalikud isikuandmed volitatud t\u00f6\u00f6tleja Maksekeskus AS-le.<\/p>\n<p class=\"p2\">P\u00e4rast Toote eest tasumist saadab Veebipood Kliendi e-postile tellimuse kinnituse.<\/p>\n<p class=\"p2\">Klient kohustub tellimuse vormistamisel esitama tellimuse t\u00e4itmiseks vajalikud, t\u00f5esed andmed.<\/p>\n<p class=\"p2\">Veebipood ei vastuta tellimuse t\u00e4itmisel Kliendi poolt esitatud ebakorrektsetest andmetest tingitud t\u00e4itmise v\u00f5imatuse v\u00f5i mistahes sellest tulenevate tagaj\u00e4rgede eest.<\/p>\n<p class=\"p2\">M\u00fc\u00fcjal on \u00f5igus loobuda tellimuse t\u00e4itmisest kui tekib kahtlus M\u00fc\u00fcjale esitatud andmete \u00f5igsuses ja headele tavadele mittevastava k\u00e4itumise puhul.<\/p>\n<p class=\"p2\">Kui tellitud kaupa ei ole v\u00f5imalik tarnida seoses kauba l\u00f5ppemisega v\u00f5i muul p\u00f5hjusel, teavitatakse sellest ostjat esimesel v\u00f5imalusel ning tagastatakse tasutud raha (sh kauba k\u00e4ttetoimetamise kulud) viivitamata, kuid mitte hiljem kui 14 p\u00e4eva jooksul teate saatmisest.<\/p>\n","protected":false},"excerpt":{"rendered":"<p>M\u00dc\u00dcGITINGIMUSED Veebipoe Fitness Family\u00a0 (edaspidi Veebipood) omanik on Fitness Family&hellip;<\/p>\n<p> <a class=\"more-link\" href=\"https:\/\/fitnessfamily.eu\/et\/tingimused\/\">Read more<\/a><\/p>\n","protected":false},"author":1,"featured_media":0,"parent":0,"menu_order":0,"comment_status":"closed","ping_status":"closed","template":"","meta":[],"_links":{"self":[{"href":"https:\/\/fitnessfamily.eu\/et\/wp-json\/wp\/v2\/pages\/11995"}],"collection":[{"href":"https:\/\/fitnessfamily.eu\/et\/wp-json\/wp\/v2\/pages"}],"about":[{"href":"https:\/\/fitnessfamily.eu\/et\/wp-json\/wp\/v2\/types\/page"}],"author":[{"embeddable":true,"href":"https:\/\/fitnessfamily.eu\/et\/wp-json\/wp\/v2\/users\/1"}],"replies":[{"embeddable":true,"href":"https:\/\/fitnessfamily.eu\/et\/wp-json\/wp\/v2\/comments?post=11995"}],"version-history":[{"count":4,"href":"https:\/\/fitnessfamily.eu\/et\/wp-json\/wp\/v2\/pages\/11995\/revisions"}],"predecessor-version":[{"id":12041,"href":"https:\/\/fitnessfamily.eu\/et\/wp-json\/wp\/v2\/pages\/11995\/revisions\/12041"}],"wp:attachment":[{"href":"https:\/\/fitnessfamily.eu\/et\/wp-json\/wp\/v2\/media?parent=11995"}],"curies":[{"name":"wp","href":"https:\/\/api.w.org\/{rel}","templated":true}]}}