{"id":12043,"date":"2022-01-18T19:42:54","date_gmt":"2022-01-18T16:42:54","guid":{"rendered":"https:\/\/fitnessfamily.eu\/?page_id=12043"},"modified":"2022-01-18T19:42:54","modified_gmt":"2022-01-18T16:42:54","slug":"privaatsuspolitika","status":"publish","type":"page","link":"https:\/\/fitnessfamily.eu\/et\/privaatsuspolitika\/","title":{"rendered":"Privaatsuspolitika"},"content":{"rendered":"<p class=\"p1\"><b>1.\u00dclds\u00e4tted<\/b><\/p>\n<p class=\"p1\">1.1.\u00a0K\u00e4esolev privaatsuspoliitika reguleerib p\u00f5him\u00f5tteid, mille alusel toimub isikuandmete kogumine, t\u00f6\u00f6tlemine ja s\u00e4ilitamineFitness Family veebipoes. Isikuandmeid kogub t\u00f6\u00f6tleb ja s\u00e4ilitab isikuandmete vastutav t\u00f6\u00f6tleja\u00a0Fitness Family O\u00dc, V\u00f5ru tee 16-73, 13612 Tallinn, Eesti, tel +372 5557 5750, yourfitnessfamily@gmail.com<\/p>\n<p class=\"p1\">1.2. Andmesubjekt privaatsuspoliitika t\u00e4henduses on\u00a0Klient v\u00f5i muu f\u00fc\u00fcsiline isik, kelle isikuandmeid\u00a0Fitness Family O\u00dc\u00a0t\u00f6\u00f6tleb.<\/p>\n<p class=\"p1\">1.3. Klient privaatsuspoliitika t\u00e4henduses on\u00a0f\u00fc\u00fcsiline t\u00e4isealine isik, kes ostab\u00a0Fitness Family O\u00dc\u00a0kodulehelt kaupu v\u00f5i teenuseid.<\/p>\n<p class=\"p1\">1.4.\u00a0Fitness Family O\u00dc\u00a0j\u00e4rgib \u00f5igusaktides s\u00e4testatud andmete t\u00f6\u00f6tlemise p\u00f5him\u00f5tteid, muuhulgas t\u00f6\u00f6tleb andmet\u00f6\u00f6tleja isikuandmeid seaduslikult, \u00f5iglaselt ja turvaliselt.\u00a0Fitness Family O\u00dc\u00a0on v\u00f5imeline kinnitama, et isikuandmeid on t\u00f6\u00f6deldud vastavalt \u00f5igusaktides s\u00e4testatule.<\/p>\n<p class=\"p1\"><b><br \/>\n2. Isikuandmete kogumine, t\u00f6\u00f6tlemine ja s\u00e4ilitamine<\/b><\/p>\n<p class=\"p1\">2.1. Isikuandmed, mida\u00a0Fitness Family O\u00dc\u00a0kogub, t\u00f6\u00f6tleb ja s\u00e4ilitab, on kogutud elektrooniliselt, peamiselt kodulehe ja e-posti vahendusel.<\/p>\n<p class=\"p1\">2.2. Oma isikuandmete jagamisega annab\u00a0Klient\u00a0Fitness Family O\u00dc\u00a0-le \u00f5iguse koguda, korraldada, kasutada ja hallata privaatsuspoliitikas m\u00e4\u00e4ratletud eesm\u00e4rgil isikuandmeid, mida\u00a0Klient\u00a0otse v\u00f5i kaudselt kodulehel kaupu v\u00f5i teenuseid ostes Fitness Family O\u00dc\u00a0-le jagab.<\/p>\n<p class=\"p1\">2.3.\u00a0Klient\u00a0vastutab selle eest, et tema poolt esitatud andmed oleksid t\u00e4psed, \u00f5iged ja terviklikud. Teadlikult valeandmete esitamist peetakse privaatsuspoliitika rikkumiseks.\u00a0Klient\u00a0on kohustatud\u00a0Fitness Family O\u00dc\u00a0viivitamatult teavitama esitatud andmete muutumisest.<\/p>\n<p class=\"p1\">2.4.\u00a0Fitness Family O\u00dc ei vastutaKliendi\u00a0poolt valeandmete esitamisest p\u00f5hjustatud kahju eest andmesubjektile v\u00f5i kolmandatele osapooltele.<\/p>\n<p class=\"p1\"><b><br \/>\n3.Klientide isikuandmete t\u00f6\u00f6tlemine<\/b><\/p>\n<p class=\"p1\">3.1. Fitness Family O\u00dc\u00a0v\u00f5ib t\u00f6\u00f6delda j\u00e4rgnevaid andmesubjekti isikuandmeid:<\/p>\n<p class=\"p1\">3.1.1. Ees- ja perekonnanimi;<\/p>\n<p class=\"p1\">3.1.2. S\u00fcnnikuup\u00e4ev;<\/p>\n<p class=\"p1\">3.1.3. Telefoninumber;<\/p>\n<p class=\"p1\">3.1.4. E-posti aadress;<\/p>\n<p class=\"p1\">3.1.5. Kohaletoimetamise aadress;<\/p>\n<p class=\"p1\">3.1.6. Arvelduskonto number;<\/p>\n<p class=\"p1\">3.2. Lisaks eeltoodule on\u00a0Fitness Family O\u00dc\u00a0-l \u00f5igus koguda kliendi kohta andmeid, mis on k\u00e4ttesaadavad avalikes registrites.<\/p>\n<p class=\"p1\">3.3. Isikuandmete t\u00f6\u00f6tlemise \u00f5iguslik alus on isikuandmete kaitse \u00fcldm\u00e4\u00e4ruse paragrahv 6 lg 1 p-d a), b), c) ja f):<\/p>\n<p class=\"p1\">a)Klienton andnud n\u00f5usoleku t\u00f6\u00f6delda oma isikuandmeid \u00fchel v\u00f5i mitmel konkreetsel eesm\u00e4rgil;<\/p>\n<p class=\"p1\">b) isikuandmete t\u00f6\u00f6tlemine on vajalikKliendiosalusel s\u00f5lmitud lepingu t\u00e4itmiseks v\u00f5i lepingu s\u00f5lmimisele eelnevate meetmete v\u00f5tmiseks vastavalt\u00a0Kliendi\u00a0taotlusele;<\/p>\n<p class=\"p1\">c) isikuandmete t\u00f6\u00f6tlemine on vajalik vastutava t\u00f6\u00f6tleja juriidilise kohustuse t\u00e4itmiseks;<\/p>\n<p class=\"p1\">f) isikuandmete t\u00f6\u00f6tlemine on vajalik vastutava t\u00f6\u00f6tleja v\u00f5i kolmanda isiku \u00f5igustatud huvi korral, v\u00e4lja arvatud juhul, kui sellise huvi kaaluvad \u00fclesKliendihuvid v\u00f5i p\u00f5hi\u00f5igused ja -vabadused, mille nimel tuleb kaitsta isikuandmeid.<\/p>\n<p class=\"p1\">3.4. Isikuandmete t\u00f6\u00f6tlemine vastavalt t\u00f6\u00f6tlemise eesm\u00e4rgile:<\/p>\n<p class=\"p1\">3.4.1. T\u00f6\u00f6tlemise eesm\u00e4rk \u2013 julgeolek ja turvalisus<br \/>\nIsikuandmete s\u00e4ilitamise maksimaalne aeg \u2013 vastavalt seaduses nimetatud t\u00e4htaegadele<\/p>\n<p class=\"p1\">3.4.2. T\u00f6\u00f6tlemise eesm\u00e4rk \u2013 tellimuse t\u00f6\u00f6tlemine<br \/>\nIsikuandmete s\u00e4ilitamise maksimaalne aeg \u2013\u00a0kuni 30 p\u00e4eva.<\/p>\n<p class=\"p1\">3.4.3. T\u00f6\u00f6tlemise eesm\u00e4rk \u2013 e-poe teenuste toimimise tagamine<br \/>\nIsikuandmete s\u00e4ilitamise maksimaalne aeg \u2013kuni 30 p\u00e4eva.<\/p>\n<p class=\"p1\">3.4.4. T\u00f6\u00f6tlemise eesm\u00e4rk \u2013 kliendihaldus<br \/>\nIsikuandmete s\u00e4ilitamise maksimaalne aeg \u2013\u00a0kuni 30 p\u00e4eva.<\/p>\n<p class=\"p1\">3.4.5. T\u00f6\u00f6tlemise eesm\u00e4rk \u2013 finantstegevus, raamatupidamine<br \/>\nIsikuandmete s\u00e4ilitamise maksimaalne aeg \u2013 vastavalt seaduses nimetatud t\u00e4htaegadele<\/p>\n<p class=\"p1\">3.4.6. T\u00f6\u00f6tlemise eesm\u00e4rk \u2013 turundus<br \/>\nIsikuandmete s\u00e4ilitamise maksimaalne aeg \u2013 kuni 30 p\u00e4eva.<\/p>\n<p class=\"p1\">3.5.\u00a0Fitness Family O\u00dc\u00a0-l on \u00f5igus klientide isikuandmeid jagada kolmandate isikutega, kelleks on n\u00e4iteks volitatud andmet\u00f6\u00f6tlejad, raamatupidajad, transpordi- ja kullerettev\u00f5tted, \u00fclekandeteenuseid pakkuvad ettev\u00f5tted\u00a0Fitness Family O\u00dc on isikuandmete vastutav t\u00f6\u00f6tleja.\u00a0Fitness Family O\u00dc\u00a0edastab maksete teostamiseks vajalikud isikuandmed volitatud t\u00f6\u00f6tleja Maksekeskus AS-ile.<\/p>\n<p class=\"p1\">3.6.\u00a0Kliendi isikuandmete t\u00f6\u00f6tlemisel ja s\u00e4ilitamisel rakendab\u00a0Fitness Family O\u00dc\u00a0organisatoorseid ja tehnilisi meetmeid, mis tagavad isikuandmete kaitse juhusliku v\u00f5i ebaseadusliku h\u00e4vitamise, muutmise, avalikustamise ja mis tahes muu ebaseadusliku t\u00f6\u00f6tlemise eest.<\/p>\n<p class=\"p1\"><b>4. Kliendi \u00f5igused<\/b><\/p>\n<p class=\"p1\">4.1.\u00a0Kliendil on \u00f5igus saada ligip\u00e4\u00e4s oma isikuandmetele ning nendega tutvuda.<\/p>\n<p class=\"p1\">4.2.\u00a0Kliendil on \u00f5igus saada informatsiooni tema isikuandmete t\u00f6\u00f6tlemise kohta.<\/p>\n<p class=\"p1\">4.3.\u00a0Kliendil on \u00f5igus t\u00e4iendada v\u00f5i parandada ebat\u00e4pseid andmeid.<\/p>\n<p class=\"p1\">4.4. Kui\u00a0\u00a0Fitness Family O\u00dc\u00a0t\u00f6\u00f6tleb\u00a0Kliendi isikuandmeid\u00a0Kliendi\u00a0n\u00f5usoleku alusel, siis on\u00a0Kliendil \u00f5igus igal ajal n\u00f5usolek tagasi v\u00f5tta.<\/p>\n<p class=\"p1\">4.5.\u00a0Klient\u00a0saab \u00f5iguste teostamiseks p\u00f6\u00f6rduda e-poe klienditoe poole aadressil\u00a0<b>yourfitnessfamily@gmail.com<\/b><\/p>\n<p class=\"p1\">4.6.\u00a0Kliendil\u00a0on oma \u00f5iguste kaitseks v\u00f5imalik esitada kaebus Andmekaitse Inspektsioonile.<\/p>\n<p class=\"p1\"><b>5. L\u00f5pps\u00e4tted<\/b><\/p>\n<p class=\"p1\">5.1. K\u00e4esolevad andmekaitsetingimused on koostatud koosk\u00f5las Euroopa Parlamendi ja n\u00f5ukogu m\u00e4\u00e4rusega (EL) nr 2016\/679 f\u00fc\u00fcsiliste isikute kaitse kohta isikuandmete t\u00f6\u00f6tlemisel ja selliste andmete vaba liikumise ning direktiivi 95\/46 \/ E\u00dc kehtetuks tunnistamise kohta \/ E\u00dc (isikuandmete kaitse \u00fcldm\u00e4\u00e4rus), Eesti Vabariigi isikuandmete kaitse seadusega ning Eesti Vabariigi ja Euroopa Liidu \u00f5igusaktidega.<\/p>\n<p class=\"p1\">5.2.\u00a0\u00a0Fitness Family O\u00dc-l on \u00f5igus andmekaitsetingimusi osaliselt v\u00f5i t\u00e4ielikult muuta, teavitades\u00a0Kliente muudatustest kodulehe\u00a0<b>fitnessfamily.eu\u00a0<\/b>kaudu .<\/p>\n","protected":false},"excerpt":{"rendered":"<p>1.\u00dclds\u00e4tted 1.1.\u00a0K\u00e4esolev privaatsuspoliitika reguleerib p\u00f5him\u00f5tteid, mille alusel toimub isikuandmete kogumine,&hellip;<\/p>\n<p> <a class=\"more-link\" href=\"https:\/\/fitnessfamily.eu\/et\/privaatsuspolitika\/\">Read more<\/a><\/p>\n","protected":false},"author":11,"featured_media":0,"parent":0,"menu_order":0,"comment_status":"closed","ping_status":"closed","template":"","meta":[],"_links":{"self":[{"href":"https:\/\/fitnessfamily.eu\/et\/wp-json\/wp\/v2\/pages\/12043"}],"collection":[{"href":"https:\/\/fitnessfamily.eu\/et\/wp-json\/wp\/v2\/pages"}],"about":[{"href":"https:\/\/fitnessfamily.eu\/et\/wp-json\/wp\/v2\/types\/page"}],"author":[{"embeddable":true,"href":"https:\/\/fitnessfamily.eu\/et\/wp-json\/wp\/v2\/users\/11"}],"replies":[{"embeddable":true,"href":"https:\/\/fitnessfamily.eu\/et\/wp-json\/wp\/v2\/comments?post=12043"}],"version-history":[{"count":1,"href":"https:\/\/fitnessfamily.eu\/et\/wp-json\/wp\/v2\/pages\/12043\/revisions"}],"predecessor-version":[{"id":12044,"href":"https:\/\/fitnessfamily.eu\/et\/wp-json\/wp\/v2\/pages\/12043\/revisions\/12044"}],"wp:attachment":[{"href":"https:\/\/fitnessfamily.eu\/et\/wp-json\/wp\/v2\/media?parent=12043"}],"curies":[{"name":"wp","href":"https:\/\/api.w.org\/{rel}","templated":true}]}}