{"id":12085,"date":"2022-04-17T18:22:38","date_gmt":"2022-04-17T15:22:38","guid":{"rendered":"https:\/\/fitnessfamily.eu\/?post_type=product&#038;p=12085"},"modified":"2022-04-17T18:48:44","modified_gmt":"2022-04-17T15:48:44","slug":"programm-algajatel","status":"publish","type":"product","link":"https:\/\/fitnessfamily.eu\/et\/toode\/programm-algajatel\/","title":{"rendered":"Programm algajatele"},"content":{"rendered":"<div>Esimene treenn ei pruugi alati m\u00f5nus olla, eriti kui treenite iseseisvalt. Harjutuste tehnika teadmatus, tundmatu trena\u017e\u00f6\u00f6rid ja banaalne piinlikkus on takistuseks eesm\u00e4rkide saavutamise teel. Koos meie programmiga muutub teie treening j\u00f5usaalis produktiivsemaks, isegi kui olete algaja.<\/div>\n","protected":false},"excerpt":{"rendered":"<p>Esimene treenn ei pruugi alati m\u00f5nus olla, eriti kui treenite&hellip;<\/p>\n<p> <a class=\"more-link\" href=\"https:\/\/fitnessfamily.eu\/et\/toode\/programm-algajatel\/\">Read more<\/a><\/p>\n","protected":false},"featured_media":12053,"template":"","meta":[],"product_cat":[76],"product_tag":[],"_links":{"self":[{"href":"https:\/\/fitnessfamily.eu\/et\/wp-json\/wp\/v2\/product\/12085"}],"collection":[{"href":"https:\/\/fitnessfamily.eu\/et\/wp-json\/wp\/v2\/product"}],"about":[{"href":"https:\/\/fitnessfamily.eu\/et\/wp-json\/wp\/v2\/types\/product"}],"wp:featuredmedia":[{"embeddable":true,"href":"https:\/\/fitnessfamily.eu\/et\/wp-json\/wp\/v2\/media\/12053"}],"wp:attachment":[{"href":"https:\/\/fitnessfamily.eu\/et\/wp-json\/wp\/v2\/media?parent=12085"}],"wp:term":[{"taxonomy":"product_cat","embeddable":true,"href":"https:\/\/fitnessfamily.eu\/et\/wp-json\/wp\/v2\/product_cat?post=12085"},{"taxonomy":"product_tag","embeddable":true,"href":"https:\/\/fitnessfamily.eu\/et\/wp-json\/wp\/v2\/product_tag?post=12085"}],"curies":[{"name":"wp","href":"https:\/\/api.w.org\/{rel}","templated":true}]}}