{"id":12088,"date":"2022-04-17T18:28:40","date_gmt":"2022-04-17T15:28:40","guid":{"rendered":"https:\/\/fitnessfamily.eu\/?post_type=product&#038;p=12088"},"modified":"2022-04-17T18:29:52","modified_gmt":"2022-04-17T15:29:52","slug":"kannikad-kui-pahklid","status":"publish","type":"product","link":"https:\/\/fitnessfamily.eu\/et\/toode\/kannikad-kui-pahklid\/","title":{"rendered":"Kannikad kui P\u00e4hklid"},"content":{"rendered":"<div>Trimm keha on paljude t\u00fcdrukute unistus, kuid selle saavutamiseks peaks k\u00f5vasti vaeva n\u00e4gema. Kui olete pikka aega j\u00f5usaalis k\u00e4inud ning soovite koormust t\u00f5sta ja p\u00e4evakorda muuta, proovige meie harjutuste kompleksi. See on \u00fcsna lihtne ja selle abiga kindlasti saate suurep\u00e4rase tulemuse!<\/div>\n","protected":false},"excerpt":{"rendered":"<p>Trimm keha on paljude t\u00fcdrukute unistus, kuid selle saavutamiseks peaks&hellip;<\/p>\n<p> <a class=\"more-link\" href=\"https:\/\/fitnessfamily.eu\/et\/toode\/kannikad-kui-pahklid\/\">Read more<\/a><\/p>\n","protected":false},"featured_media":12089,"template":"","meta":[],"product_cat":[76],"product_tag":[],"_links":{"self":[{"href":"https:\/\/fitnessfamily.eu\/et\/wp-json\/wp\/v2\/product\/12088"}],"collection":[{"href":"https:\/\/fitnessfamily.eu\/et\/wp-json\/wp\/v2\/product"}],"about":[{"href":"https:\/\/fitnessfamily.eu\/et\/wp-json\/wp\/v2\/types\/product"}],"wp:featuredmedia":[{"embeddable":true,"href":"https:\/\/fitnessfamily.eu\/et\/wp-json\/wp\/v2\/media\/12089"}],"wp:attachment":[{"href":"https:\/\/fitnessfamily.eu\/et\/wp-json\/wp\/v2\/media?parent=12088"}],"wp:term":[{"taxonomy":"product_cat","embeddable":true,"href":"https:\/\/fitnessfamily.eu\/et\/wp-json\/wp\/v2\/product_cat?post=12088"},{"taxonomy":"product_tag","embeddable":true,"href":"https:\/\/fitnessfamily.eu\/et\/wp-json\/wp\/v2\/product_tag?post=12088"}],"curies":[{"name":"wp","href":"https:\/\/api.w.org\/{rel}","templated":true}]}}