{"id":12092,"date":"2022-04-17T18:42:36","date_gmt":"2022-04-17T15:42:36","guid":{"rendered":"https:\/\/fitnessfamily.eu\/?post_type=product&#038;p=12092"},"modified":"2022-04-17T18:49:06","modified_gmt":"2022-04-17T15:49:06","slug":"keha-kvaliteet","status":"publish","type":"product","link":"https:\/\/fitnessfamily.eu\/et\/toode\/keha-kvaliteet\/","title":{"rendered":"Keha kvaliteet"},"content":{"rendered":"<p>Efektne kehavorm algab proportsioonidest. J\u00f5utreeningut tehes saad korrigeerida kehahoiakut, v\u00f6\u00f6kohta viasuaalselt kitsendada ja suurendada t\u00f5siselt tuhara vol\u00fc\u00fcmi vms.<\/p>\n","protected":false},"excerpt":{"rendered":"<p>Efektne kehavorm algab proportsioonidest. J\u00f5utreeningut tehes saad korrigeerida kehahoiakut, v\u00f6\u00f6kohta&hellip;<\/p>\n<p> <a class=\"more-link\" href=\"https:\/\/fitnessfamily.eu\/et\/toode\/keha-kvaliteet\/\">Read more<\/a><\/p>\n","protected":false},"featured_media":12095,"template":"","meta":[],"product_cat":[76],"product_tag":[],"_links":{"self":[{"href":"https:\/\/fitnessfamily.eu\/et\/wp-json\/wp\/v2\/product\/12092"}],"collection":[{"href":"https:\/\/fitnessfamily.eu\/et\/wp-json\/wp\/v2\/product"}],"about":[{"href":"https:\/\/fitnessfamily.eu\/et\/wp-json\/wp\/v2\/types\/product"}],"wp:featuredmedia":[{"embeddable":true,"href":"https:\/\/fitnessfamily.eu\/et\/wp-json\/wp\/v2\/media\/12095"}],"wp:attachment":[{"href":"https:\/\/fitnessfamily.eu\/et\/wp-json\/wp\/v2\/media?parent=12092"}],"wp:term":[{"taxonomy":"product_cat","embeddable":true,"href":"https:\/\/fitnessfamily.eu\/et\/wp-json\/wp\/v2\/product_cat?post=12092"},{"taxonomy":"product_tag","embeddable":true,"href":"https:\/\/fitnessfamily.eu\/et\/wp-json\/wp\/v2\/product_tag?post=12092"}],"curies":[{"name":"wp","href":"https:\/\/api.w.org\/{rel}","templated":true}]}}