{"id":12097,"date":"2022-04-17T18:45:22","date_gmt":"2022-04-17T15:45:22","guid":{"rendered":"https:\/\/fitnessfamily.eu\/?post_type=product&#038;p=12097"},"modified":"2022-04-17T18:47:16","modified_gmt":"2022-04-17T15:47:16","slug":"treeningprogramm-1","status":"publish","type":"product","link":"https:\/\/fitnessfamily.eu\/et\/toode\/treeningprogramm-1\/","title":{"rendered":"Treeningprogramm \u21161"},"content":{"rendered":"<div>NB! See programm on m\u00f5eldud algajatele ja neile, kes p\u00e4rast pikka pausi j\u00f5usaali naasevad.<\/div>\n","protected":false},"excerpt":{"rendered":"<p>NB! See programm on m\u00f5eldud algajatele ja neile, kes p\u00e4rast&hellip;<\/p>\n<p> <a class=\"more-link\" href=\"https:\/\/fitnessfamily.eu\/et\/toode\/treeningprogramm-1\/\">Read more<\/a><\/p>\n","protected":false},"featured_media":12100,"template":"","meta":[],"product_cat":[76],"product_tag":[],"_links":{"self":[{"href":"https:\/\/fitnessfamily.eu\/et\/wp-json\/wp\/v2\/product\/12097"}],"collection":[{"href":"https:\/\/fitnessfamily.eu\/et\/wp-json\/wp\/v2\/product"}],"about":[{"href":"https:\/\/fitnessfamily.eu\/et\/wp-json\/wp\/v2\/types\/product"}],"wp:featuredmedia":[{"embeddable":true,"href":"https:\/\/fitnessfamily.eu\/et\/wp-json\/wp\/v2\/media\/12100"}],"wp:attachment":[{"href":"https:\/\/fitnessfamily.eu\/et\/wp-json\/wp\/v2\/media?parent=12097"}],"wp:term":[{"taxonomy":"product_cat","embeddable":true,"href":"https:\/\/fitnessfamily.eu\/et\/wp-json\/wp\/v2\/product_cat?post=12097"},{"taxonomy":"product_tag","embeddable":true,"href":"https:\/\/fitnessfamily.eu\/et\/wp-json\/wp\/v2\/product_tag?post=12097"}],"curies":[{"name":"wp","href":"https:\/\/api.w.org\/{rel}","templated":true}]}}